{"id":11337,"date":"2024-06-10T05:25:07","date_gmt":"2024-06-10T01:25:07","guid":{"rendered":"https:\/\/www.axone-consultant.com\/ponte-en-contacto-con\/"},"modified":"2025-05-01T23:24:42","modified_gmt":"2025-05-01T19:24:42","slug":"ponte-en-contacto-con","status":"publish","type":"page","link":"https:\/\/www.axone-consultant.com\/es\/ponte-en-contacto-con\/","title":{"rendered":"Ponte en contacto con"},"content":{"rendered":"\t\t<div data-elementor-type=\"wp-page\" data-elementor-id=\"11337\" class=\"elementor elementor-11337 elementor-2474\">\n\t\t\t\t<div class=\"elementor-element elementor-element-bcf9d45 e-flex e-con-boxed e-con e-parent\" data-id=\"bcf9d45\" data-element_type=\"container\" data-settings=\"{&quot;wcf_enable_cursor_hover_effect_text&quot;:&quot;View&quot;,&quot;wcf-animation&quot;:&quot;none&quot;}\">\n\t\t\t\t\t<div class=\"e-con-inner\">\n\t\t\t\t<div class=\"elementor-element elementor-element-1874e9c elementor-widget elementor-widget-wcf--image\" data-id=\"1874e9c\" data-element_type=\"widget\" data-settings=\"{&quot;wcf-animation&quot;:&quot;fade&quot;,&quot;fade-from&quot;:&quot;bottom&quot;,&quot;data-duration&quot;:0.75,&quot;fade-offset&quot;:40,&quot;wcf-image-animation&quot;:&quot;none&quot;,&quot;delay&quot;:0.15,&quot;on-scroll&quot;:1,&quot;ease&quot;:&quot;power2.out&quot;}\" data-widget_type=\"wcf--image.default\">\n\t\t\t\t<div class=\"elementor-widget-container\">\n\t\t\t\t\t        <div class=\"wcf--image\">\r\n\t\t\t\t\t\t\t<img decoding=\"async\" src=\"https:\/\/www.axone-consultant.com\/wp-content\/uploads\/2025\/02\/un-conseil.webp\" title=\"un-conseil\" alt=\"contact-axone-consultant\" loading=\"lazy\" \/>\t\t\t\t        <\/div>\r\n\t\t\t\t\t\t<\/div>\n\t\t\t\t<\/div>\n\t\t\t\t\t<\/div>\n\t\t\t\t<\/div>\n\t\t<div class=\"elementor-element elementor-element-a8f0b09 e-flex e-con-boxed e-con e-parent\" data-id=\"a8f0b09\" data-element_type=\"container\" data-settings=\"{&quot;wcf_enable_cursor_hover_effect_text&quot;:&quot;View&quot;,&quot;wcf-animation&quot;:&quot;none&quot;}\">\n\t\t\t\t\t<div class=\"e-con-inner\">\n\t\t<div class=\"elementor-element elementor-element-e0085e8 e-con-full e-flex e-con e-child\" data-id=\"e0085e8\" data-element_type=\"container\" data-settings=\"{&quot;wcf_enable_cursor_hover_effect_text&quot;:&quot;View&quot;,&quot;wcf-animation&quot;:&quot;none&quot;}\">\n\t\t\t\t<div class=\"elementor-element elementor-element-5af6e88 elementor-widget__width-inherit elementor-widget-laptop__width-initial wcf-t-animation-none elementor-widget elementor-widget-wcf--title\" data-id=\"5af6e88\" data-element_type=\"widget\" data-settings=\"{&quot;wcf-animation&quot;:&quot;fade&quot;,&quot;fade-from&quot;:&quot;bottom&quot;,&quot;data-duration&quot;:0.75,&quot;fade-offset&quot;:40,&quot;wcf_text_animation&quot;:&quot;none&quot;,&quot;delay&quot;:0.15,&quot;on-scroll&quot;:1,&quot;ease&quot;:&quot;power2.out&quot;}\" data-widget_type=\"wcf--title.default\">\n\t\t\t\t<div class=\"elementor-widget-container\">\n\t\t\t\t\t<h2 class=\"wcf--title\">On vous r\u00e9pond<\/h2>\t\t\t\t<\/div>\n\t\t\t\t<\/div>\n\t\t\t\t<div class=\"elementor-element elementor-element-99e6fba wcf-t-animation-none elementor-widget elementor-widget-text-editor\" data-id=\"99e6fba\" data-element_type=\"widget\" data-settings=\"{&quot;wcf_text_animation&quot;:&quot;none&quot;,&quot;wcf-animation&quot;:&quot;none&quot;}\" data-widget_type=\"text-editor.default\">\n\t\t\t\t\t\t\t\t\t<div class=\"flex max-w-full flex-col flex-grow\">\n<div class=\"min-h-8 text-message flex w-full flex-col items-end gap-2 whitespace-normal break-words text-start [.text-message+&amp;]:mt-5\" dir=\"auto\" data-message-author-role=\"assistant\" data-message-id=\"5cd7ea88-552d-4391-b96a-3186d7a7e26b\" data-message-model-slug=\"gpt-4o\">\n<div class=\"flex w-full flex-col gap-1 empty:hidden first:pt-[3px]\">\n<div class=\"markdown prose w-full break-words dark:prose-invert dark\">\n<p data-start=\"22\" data-end=\"384\" data-is-last-node=\"\">\u00bfTienes una pregunta, un proyecto o necesitas asesoramiento? El equipo de Consultores Axone est\u00e1 aqu\u00ed para ayudarte a superar tus retos estrat\u00e9gicos y operativos. No dudes en ponerte en contacto con nosotros mediante el siguiente formulario o por correo electr\u00f3nico, y nos pondremos en contacto contigo lo antes posible. Juntos, podemos crear soluciones adaptadas a tus necesidades     <\/p>\n<\/div>\n<\/div>\n<\/div>\n<\/div>\n\t\t\t\t\t\t\t\t<\/div>\n\t\t\t\t<\/div>\n\t\t<div class=\"elementor-element elementor-element-c734d91 e-con-full e-flex e-con e-child\" data-id=\"c734d91\" data-element_type=\"container\" data-settings=\"{&quot;wcf_enable_cursor_hover_effect_text&quot;:&quot;View&quot;,&quot;wcf-animation&quot;:&quot;none&quot;}\">\n\t\t\t\t<\/div>\n\t\t<div class=\"elementor-element elementor-element-9ab2bd7 e-con-full e-flex e-con e-child\" data-id=\"9ab2bd7\" data-element_type=\"container\" data-settings=\"{&quot;wcf_enable_cursor_hover_effect_text&quot;:&quot;View&quot;,&quot;wcf-animation&quot;:&quot;fade&quot;,&quot;fade-from&quot;:&quot;bottom&quot;,&quot;data-duration&quot;:0.75,&quot;fade-offset&quot;:40,&quot;delay&quot;:0.15,&quot;on-scroll&quot;:1,&quot;ease&quot;:&quot;power2.out&quot;}\">\n\t\t\t\t<div class=\"elementor-element elementor-element-85bf875 elementor-widget__width-initial wcf-t-animation-none elementor-widget elementor-widget-wcf--title\" data-id=\"85bf875\" data-element_type=\"widget\" data-settings=\"{&quot;wcf_text_animation&quot;:&quot;none&quot;,&quot;wcf-animation&quot;:&quot;none&quot;}\" data-widget_type=\"wcf--title.default\">\n\t\t\t\t<div class=\"elementor-widget-container\">\n\t\t\t\t\t<h2 class=\"wcf--title\">Prenez contact avec nous.<\/h2>\t\t\t\t<\/div>\n\t\t\t\t<\/div>\n\t\t\t\t<div class=\"elementor-element elementor-element-f6a9737 elementor-widget elementor-widget-wcf--button\" data-id=\"f6a9737\" data-element_type=\"widget\" data-settings=\"{&quot;wcf-animation&quot;:&quot;none&quot;}\" data-widget_type=\"wcf--button.default\">\n\t\t\t\t<div class=\"elementor-widget-container\">\n\t\t\t\t\t        <div class=\"wcf__btn\">\r\n\t\t\t                <a href=\"tel:+262693920114\" class=\"wcf-btn-underline\">\r\n\t\t\t\t\t\t\t\t\t\t+262 0693 92 01 14                <\/a>\r\n\t\t\t\t        <\/div>\r\n\t\t\t\t\t\t<\/div>\n\t\t\t\t<\/div>\n\t\t\t\t<div class=\"elementor-element elementor-element-38a34de elementor-widget elementor-widget-wcf--button\" data-id=\"38a34de\" data-element_type=\"widget\" data-settings=\"{&quot;wcf-animation&quot;:&quot;none&quot;}\" data-widget_type=\"wcf--button.default\">\n\t\t\t\t<div class=\"elementor-widget-container\">\n\t\t\t\t\t        <div class=\"wcf__btn\">\r\n\t\t\t                <a href=\"mailto:contact@axone-consultant.com\" class=\"wcf-btn-underline\">\r\n\t\t\t\t\t\t\t\t\t\tcontact@axone-consultant.com                <\/a>\r\n\t\t\t\t        <\/div>\r\n\t\t\t\t\t\t<\/div>\n\t\t\t\t<\/div>\n\t\t\t\t<div class=\"elementor-element elementor-element-9739756 elementor-widget__width-initial wcf-t-animation-none elementor-widget elementor-widget-wcf--title\" data-id=\"9739756\" data-element_type=\"widget\" data-settings=\"{&quot;wcf_text_animation&quot;:&quot;none&quot;,&quot;wcf-animation&quot;:&quot;none&quot;}\" data-widget_type=\"wcf--title.default\">\n\t\t\t\t<div class=\"elementor-widget-container\">\n\t\t\t\t\t<h2 class=\"wcf--title\">105, Rue de la R\u00e9publique, Res. Les Marquises,\nAppt 83 Bat B 97400 Saint-Denis<\/h2>\t\t\t\t<\/div>\n\t\t\t\t<\/div>\n\t\t\t\t<\/div>\n\t\t<div class=\"elementor-element elementor-element-eb9d076 e-con-full e-flex e-con e-child\" data-id=\"eb9d076\" data-element_type=\"container\" data-settings=\"{&quot;wcf_enable_cursor_hover_effect_text&quot;:&quot;View&quot;,&quot;wcf-animation&quot;:&quot;fade&quot;,&quot;fade-from&quot;:&quot;bottom&quot;,&quot;data-duration&quot;:0.75,&quot;fade-offset&quot;:40,&quot;delay&quot;:0.15,&quot;on-scroll&quot;:1,&quot;ease&quot;:&quot;power2.out&quot;}\">\n\t\t\t\t<div class=\"elementor-element elementor-element-37f0235 elementor-widget elementor-widget-wpforms\" data-id=\"37f0235\" data-element_type=\"widget\" data-settings=\"{&quot;wcf-animation&quot;:&quot;none&quot;}\" data-widget_type=\"wpforms.default\">\n\t\t\t\t<div class=\"elementor-widget-container\">\n\t\t\t\t\t<style id=\"wpforms-css-vars-elementor-widget-37f0235\">\n\t\t\t\t.elementor-widget-wpforms.elementor-element-37f0235 {\n\t\t\t\t--wpforms-button-background-color: #000000;\n--wpforms-field-size-input-height: 43px;\n--wpforms-field-size-input-spacing: 15px;\n--wpforms-field-size-font-size: 16px;\n--wpforms-field-size-line-height: 19px;\n--wpforms-field-size-padding-h: 14px;\n--wpforms-field-size-checkbox-size: 16px;\n--wpforms-field-size-sublabel-spacing: 5px;\n--wpforms-field-size-icon-size: 1;\n--wpforms-label-size-font-size: 16px;\n--wpforms-label-size-line-height: 19px;\n--wpforms-label-size-sublabel-font-size: 14px;\n--wpforms-label-size-sublabel-line-height: 17px;\n--wpforms-button-size-font-size: 20px;\n--wpforms-button-size-height: 48px;\n--wpforms-button-size-padding-h: 20px;\n--wpforms-button-size-margin-top: 15px;\n\n\t\t\t}\n\t\t\t<\/style><div class=\"wpforms-container wpforms-container-full wpforms-render-modern\" id=\"wpforms-12613\"><form id=\"wpforms-form-12613\" class=\"wpforms-validate wpforms-form wpforms-ajax-form\" data-formid=\"12613\" method=\"post\" enctype=\"multipart\/form-data\" action=\"\/es\/wp-json\/wp\/v2\/pages\/11337\" data-token=\"a911ac10c999a186fc9b15531e1d7da9\" data-token-time=\"1777133682\"><noscript class=\"wpforms-error-noscript\">Por favor, activa JavaScript en tu navegador para completar este formulario.<\/noscript><div class=\"wpforms-hidden\" id=\"wpforms-error-noscript\">Por favor, activa JavaScript en tu navegador para completar este formulario.<\/div><div class=\"wpforms-field-container\"><div id=\"wpforms-12613-field_1-container\" class=\"wpforms-field wpforms-field-name\" data-field-id=\"1\"><fieldset><legend class=\"wpforms-field-label\"> <span class=\"wpforms-required-label\" aria-hidden=\"true\">*<\/span><\/legend><div class=\"wpforms-field-row wpforms-field-medium\"><div class=\"wpforms-field-row-block wpforms-first wpforms-one-half\"><input type=\"text\" id=\"wpforms-12613-field_1\" class=\"wpforms-field-name-first wpforms-field-required\" name=\"wpforms[fields][1][first]\" aria-errormessage=\"wpforms-12613-field_1-error\" required><label for=\"wpforms-12613-field_1\" class=\"wpforms-field-sublabel after\">Nombre<\/label><\/div><div class=\"wpforms-field-row-block wpforms-one-half\"><input type=\"text\" id=\"wpforms-12613-field_1-last\" class=\"wpforms-field-name-last wpforms-field-required\" name=\"wpforms[fields][1][last]\" aria-errormessage=\"wpforms-12613-field_1-last-error\" required><label for=\"wpforms-12613-field_1-last\" class=\"wpforms-field-sublabel after\">Apellidos<\/label><\/div><\/div><\/fieldset><\/div><div id=\"wpforms-12613-field_2-container\" class=\"wpforms-field wpforms-field-email\" data-field-id=\"2\"><label class=\"wpforms-field-label\" for=\"wpforms-12613-field_2\">E-mail <span class=\"wpforms-required-label\" aria-hidden=\"true\">*<\/span><\/label><input type=\"email\" id=\"wpforms-12613-field_2\" class=\"wpforms-field-medium wpforms-field-required\" name=\"wpforms[fields][2]\" spellcheck=\"false\" aria-errormessage=\"wpforms-12613-field_2-error\" required><\/div><div id=\"wpforms-12613-field_4-container\" class=\"wpforms-field wpforms-field-text\" data-field-id=\"4\"><label class=\"wpforms-field-label\" for=\"wpforms-12613-field_4\">Num\u00e9ro de t\u00e9l\u00e9phone<\/label><input type=\"text\" id=\"wpforms-12613-field_4\" class=\"wpforms-field-medium\" name=\"wpforms[fields][4]\" aria-errormessage=\"wpforms-12613-field_4-error\" ><\/div><div id=\"wpforms-12613-field_3-container\" class=\"wpforms-field wpforms-field-textarea\" data-field-id=\"3\"><label class=\"wpforms-field-label\" for=\"wpforms-12613-field_3\">Votre message<\/label><textarea id=\"wpforms-12613-field_3\" class=\"wpforms-field-medium\" name=\"wpforms[fields][3]\" aria-errormessage=\"wpforms-12613-field_3-error\" ><\/textarea><\/div><\/div><!-- .wpforms-field-container --><div class=\"wpforms-recaptcha-container wpforms-is-recaptcha wpforms-is-recaptcha-type-v3\" ><input type=\"hidden\" name=\"wpforms[recaptcha]\" value=\"\"><\/div><div class=\"wpforms-submit-container\" ><input type=\"hidden\" name=\"wpforms[id]\" value=\"12613\"><input type=\"hidden\" name=\"page_title\" value=\"\"><input type=\"hidden\" name=\"page_url\" value=\"https:\/\/www.axone-consultant.com\/es\/wp-json\/wp\/v2\/pages\/11337\"><input type=\"hidden\" name=\"url_referer\" value=\"\"><button type=\"submit\" name=\"wpforms[submit]\" id=\"wpforms-submit-12613\" class=\"wpforms-submit\" data-alt-text=\"Envoi...\" data-submit-text=\"Envoyer\" aria-live=\"assertive\" value=\"wpforms-submit\">Envoyer<\/button><img decoding=\"async\" src=\"https:\/\/www.axone-consultant.com\/wp-content\/plugins\/wpforms-lite\/assets\/images\/submit-spin.svg\" class=\"wpforms-submit-spinner\" style=\"display: none;\" width=\"26\" height=\"26\" alt=\"Cargando\"><\/div><\/form><\/div>  <!-- .wpforms-container -->\t\t\t\t<\/div>\n\t\t\t\t<\/div>\n\t\t\t\t<\/div>\n\t\t\t\t\t<\/div>\n\t\t\t\t<\/div>\n\t\t\t\t<\/div>\n\t\t","protected":false},"excerpt":{"rendered":"<p>On vous r\u00e9pond \u00bfTienes una pregunta, un proyecto o necesitas asesoramiento? El equipo de Consultores Axone est\u00e1 aqu\u00ed para ayudarte a superar tus retos estrat\u00e9gicos y operativos. No dudes en ponerte en contacto con nosotros mediante el siguiente formulario o por correo electr\u00f3nico, y nos pondremos en contacto contigo lo antes posible. Juntos, podemos crear [&hellip;]<\/p>\n","protected":false},"author":1,"featured_media":0,"parent":0,"menu_order":0,"comment_status":"closed","ping_status":"closed","template":"elementor_header_footer","meta":{"footnotes":""},"class_list":["post-11337","page","type-page","status-publish","hentry"],"yoast_head":"<!-- This site is optimized with the Yoast SEO plugin v25.1 - https:\/\/yoast.com\/wordpress\/plugins\/seo\/ -->\n<title>Ponte en contacto con - Axone Consultant<\/title>\n<meta name=\"robots\" content=\"index, follow, max-snippet:-1, max-image-preview:large, max-video-preview:-1\" \/>\n<link rel=\"canonical\" href=\"https:\/\/www.axone-consultant.com\/contact\/\" \/>\n<meta property=\"og:locale\" content=\"es_ES\" \/>\n<meta property=\"og:type\" content=\"article\" \/>\n<meta property=\"og:title\" content=\"Ponte en contacto con - Axone Consultant\" \/>\n<meta property=\"og:description\" content=\"On vous r\u00e9pond \u00bfTienes una pregunta, un proyecto o necesitas asesoramiento? El equipo de Consultores Axone est\u00e1 aqu\u00ed para ayudarte a superar tus retos estrat\u00e9gicos y operativos. No dudes en ponerte en contacto con nosotros mediante el siguiente formulario o por correo electr\u00f3nico, y nos pondremos en contacto contigo lo antes posible. Juntos, podemos crear [&hellip;]\" \/>\n<meta property=\"og:url\" content=\"https:\/\/www.axone-consultant.com\/contact\/\" \/>\n<meta property=\"og:site_name\" content=\"Axone Consultant\" \/>\n<meta property=\"article:modified_time\" content=\"2025-05-01T19:24:42+00:00\" \/>\n<meta property=\"og:image\" content=\"https:\/\/www.axone-consultant.com\/wp-content\/uploads\/2025\/02\/un-conseil.webp\" \/>\n<meta name=\"twitter:card\" content=\"summary_large_image\" \/>\n<meta name=\"twitter:label1\" content=\"Tiempo de lectura\" \/>\n\t<meta name=\"twitter:data1\" content=\"1 minuto\" \/>\n<script type=\"application\/ld+json\" class=\"yoast-schema-graph\">{\"@context\":\"https:\/\/schema.org\",\"@graph\":[{\"@type\":\"WebPage\",\"@id\":\"https:\/\/www.axone-consultant.com\/contact\/\",\"url\":\"https:\/\/www.axone-consultant.com\/contact\/\",\"name\":\"Ponte en contacto con - Axone Consultant\",\"isPartOf\":{\"@id\":\"https:\/\/www.axone-consultant.com\/#website\"},\"primaryImageOfPage\":{\"@id\":\"https:\/\/www.axone-consultant.com\/contact\/#primaryimage\"},\"image\":{\"@id\":\"https:\/\/www.axone-consultant.com\/contact\/#primaryimage\"},\"thumbnailUrl\":\"https:\/\/www.axone-consultant.com\/wp-content\/uploads\/2025\/02\/un-conseil.webp\",\"datePublished\":\"2024-06-10T01:25:07+00:00\",\"dateModified\":\"2025-05-01T19:24:42+00:00\",\"breadcrumb\":{\"@id\":\"https:\/\/www.axone-consultant.com\/contact\/#breadcrumb\"},\"inLanguage\":\"es\",\"potentialAction\":[{\"@type\":\"ReadAction\",\"target\":[\"https:\/\/www.axone-consultant.com\/contact\/\"]}]},{\"@type\":\"ImageObject\",\"inLanguage\":\"es\",\"@id\":\"https:\/\/www.axone-consultant.com\/contact\/#primaryimage\",\"url\":\"https:\/\/www.axone-consultant.com\/wp-content\/uploads\/2025\/02\/un-conseil.webp\",\"contentUrl\":\"https:\/\/www.axone-consultant.com\/wp-content\/uploads\/2025\/02\/un-conseil.webp\"},{\"@type\":\"BreadcrumbList\",\"@id\":\"https:\/\/www.axone-consultant.com\/contact\/#breadcrumb\",\"itemListElement\":[{\"@type\":\"ListItem\",\"position\":1,\"name\":\"Home\",\"item\":\"https:\/\/www.axone-consultant.com\/\"},{\"@type\":\"ListItem\",\"position\":2,\"name\":\"Ponte en contacto con\"}]},{\"@type\":\"WebSite\",\"@id\":\"https:\/\/www.axone-consultant.com\/#website\",\"url\":\"https:\/\/www.axone-consultant.com\/\",\"name\":\"Axone Consultant\",\"description\":\"Cabinet conseil, L\u2019innovation sociale comme moteur des transformations\",\"publisher\":{\"@id\":\"https:\/\/www.axone-consultant.com\/#organization\"},\"potentialAction\":[{\"@type\":\"SearchAction\",\"target\":{\"@type\":\"EntryPoint\",\"urlTemplate\":\"https:\/\/www.axone-consultant.com\/?s={search_term_string}\"},\"query-input\":{\"@type\":\"PropertyValueSpecification\",\"valueRequired\":true,\"valueName\":\"search_term_string\"}}],\"inLanguage\":\"es\"},{\"@type\":\"Organization\",\"@id\":\"https:\/\/www.axone-consultant.com\/#organization\",\"name\":\"Axone Consultant\",\"url\":\"https:\/\/www.axone-consultant.com\/\",\"logo\":{\"@type\":\"ImageObject\",\"inLanguage\":\"es\",\"@id\":\"https:\/\/www.axone-consultant.com\/#\/schema\/logo\/image\/\",\"url\":\"https:\/\/www.axone-consultant.com\/wp-content\/uploads\/2025\/01\/hero-illustration-1.png\",\"contentUrl\":\"https:\/\/www.axone-consultant.com\/wp-content\/uploads\/2025\/01\/hero-illustration-1.png\",\"width\":400,\"height\":400,\"caption\":\"Axone Consultant\"},\"image\":{\"@id\":\"https:\/\/www.axone-consultant.com\/#\/schema\/logo\/image\/\"},\"sameAs\":[\"https:\/\/www.linkedin.com\/company\/axone-consultant\/posts\/?feedView=all\"]}]}<\/script>\n<!-- \/ Yoast SEO plugin. -->","yoast_head_json":{"title":"Ponte en contacto con - Axone Consultant","robots":{"index":"index","follow":"follow","max-snippet":"max-snippet:-1","max-image-preview":"max-image-preview:large","max-video-preview":"max-video-preview:-1"},"canonical":"https:\/\/www.axone-consultant.com\/contact\/","og_locale":"es_ES","og_type":"article","og_title":"Ponte en contacto con - Axone Consultant","og_description":"On vous r\u00e9pond \u00bfTienes una pregunta, un proyecto o necesitas asesoramiento? El equipo de Consultores Axone est\u00e1 aqu\u00ed para ayudarte a superar tus retos estrat\u00e9gicos y operativos. No dudes en ponerte en contacto con nosotros mediante el siguiente formulario o por correo electr\u00f3nico, y nos pondremos en contacto contigo lo antes posible. Juntos, podemos crear [&hellip;]","og_url":"https:\/\/www.axone-consultant.com\/contact\/","og_site_name":"Axone Consultant","article_modified_time":"2025-05-01T19:24:42+00:00","og_image":[{"url":"https:\/\/www.axone-consultant.com\/wp-content\/uploads\/2025\/02\/un-conseil.webp","type":"","width":"","height":""}],"twitter_card":"summary_large_image","twitter_misc":{"Tiempo de lectura":"1 minuto"},"schema":{"@context":"https:\/\/schema.org","@graph":[{"@type":"WebPage","@id":"https:\/\/www.axone-consultant.com\/contact\/","url":"https:\/\/www.axone-consultant.com\/contact\/","name":"Ponte en contacto con - Axone Consultant","isPartOf":{"@id":"https:\/\/www.axone-consultant.com\/#website"},"primaryImageOfPage":{"@id":"https:\/\/www.axone-consultant.com\/contact\/#primaryimage"},"image":{"@id":"https:\/\/www.axone-consultant.com\/contact\/#primaryimage"},"thumbnailUrl":"https:\/\/www.axone-consultant.com\/wp-content\/uploads\/2025\/02\/un-conseil.webp","datePublished":"2024-06-10T01:25:07+00:00","dateModified":"2025-05-01T19:24:42+00:00","breadcrumb":{"@id":"https:\/\/www.axone-consultant.com\/contact\/#breadcrumb"},"inLanguage":"es","potentialAction":[{"@type":"ReadAction","target":["https:\/\/www.axone-consultant.com\/contact\/"]}]},{"@type":"ImageObject","inLanguage":"es","@id":"https:\/\/www.axone-consultant.com\/contact\/#primaryimage","url":"https:\/\/www.axone-consultant.com\/wp-content\/uploads\/2025\/02\/un-conseil.webp","contentUrl":"https:\/\/www.axone-consultant.com\/wp-content\/uploads\/2025\/02\/un-conseil.webp"},{"@type":"BreadcrumbList","@id":"https:\/\/www.axone-consultant.com\/contact\/#breadcrumb","itemListElement":[{"@type":"ListItem","position":1,"name":"Home","item":"https:\/\/www.axone-consultant.com\/"},{"@type":"ListItem","position":2,"name":"Ponte en contacto con"}]},{"@type":"WebSite","@id":"https:\/\/www.axone-consultant.com\/#website","url":"https:\/\/www.axone-consultant.com\/","name":"Axone Consultant","description":"Cabinet conseil, L\u2019innovation sociale comme moteur des transformations","publisher":{"@id":"https:\/\/www.axone-consultant.com\/#organization"},"potentialAction":[{"@type":"SearchAction","target":{"@type":"EntryPoint","urlTemplate":"https:\/\/www.axone-consultant.com\/?s={search_term_string}"},"query-input":{"@type":"PropertyValueSpecification","valueRequired":true,"valueName":"search_term_string"}}],"inLanguage":"es"},{"@type":"Organization","@id":"https:\/\/www.axone-consultant.com\/#organization","name":"Axone Consultant","url":"https:\/\/www.axone-consultant.com\/","logo":{"@type":"ImageObject","inLanguage":"es","@id":"https:\/\/www.axone-consultant.com\/#\/schema\/logo\/image\/","url":"https:\/\/www.axone-consultant.com\/wp-content\/uploads\/2025\/01\/hero-illustration-1.png","contentUrl":"https:\/\/www.axone-consultant.com\/wp-content\/uploads\/2025\/01\/hero-illustration-1.png","width":400,"height":400,"caption":"Axone Consultant"},"image":{"@id":"https:\/\/www.axone-consultant.com\/#\/schema\/logo\/image\/"},"sameAs":["https:\/\/www.linkedin.com\/company\/axone-consultant\/posts\/?feedView=all"]}]}},"_links":{"self":[{"href":"https:\/\/www.axone-consultant.com\/es\/wp-json\/wp\/v2\/pages\/11337","targetHints":{"allow":["GET"]}}],"collection":[{"href":"https:\/\/www.axone-consultant.com\/es\/wp-json\/wp\/v2\/pages"}],"about":[{"href":"https:\/\/www.axone-consultant.com\/es\/wp-json\/wp\/v2\/types\/page"}],"author":[{"embeddable":true,"href":"https:\/\/www.axone-consultant.com\/es\/wp-json\/wp\/v2\/users\/1"}],"replies":[{"embeddable":true,"href":"https:\/\/www.axone-consultant.com\/es\/wp-json\/wp\/v2\/comments?post=11337"}],"version-history":[{"count":6,"href":"https:\/\/www.axone-consultant.com\/es\/wp-json\/wp\/v2\/pages\/11337\/revisions"}],"predecessor-version":[{"id":12630,"href":"https:\/\/www.axone-consultant.com\/es\/wp-json\/wp\/v2\/pages\/11337\/revisions\/12630"}],"wp:attachment":[{"href":"https:\/\/www.axone-consultant.com\/es\/wp-json\/wp\/v2\/media?parent=11337"}],"curies":[{"name":"wp","href":"https:\/\/api.w.org\/{rel}","templated":true}]}}